{"id":340,"date":"2013-09-27T02:23:54","date_gmt":"2013-09-27T02:23:54","guid":{"rendered":"http:\/\/magnetto.weblionmedia.com\/?page_id=5"},"modified":"2016-06-30T20:43:51","modified_gmt":"2016-06-30T23:43:51","slug":"services","status":"publish","type":"page","link":"http:\/\/www.strategio.com.br\/site\/services\/","title":{"rendered":"Services"},"content":{"rendered":"<h1><b>N\u00f3s gostamos de desafios.<\/b><\/h1>\n<h2>Cada ambiente \u00e9 uma nova perspectiva, e contando com consultores certificados e de alta experi\u00eancia que entregamos o melhor custo\/benef\u00edcio em solu\u00e7\u00f5es para diferentes tipos de situa\u00e7\u00f5es, implementando assim as melhores pr\u00e1ticas e processos a fim de aumentar a produtividade e a efici\u00eancia das solu\u00e7\u00f5es de TI.<\/h2>\n<p>&nbsp;<\/p>\n<h1>Produtos<\/h1>\n<p><a href=\"http:\/\/www.strategio.com.br\/site\/cloud-spam-safe-enterprise-secure-email-filtering-gateway-saas\/\"><img loading=\"lazy\" decoding=\"async\" class=\"size-full wp-image-692 alignnone\" src=\"http:\/\/www.strategio.com.br\/site\/wp-content\/uploads\/2013\/09\/Software_3D_Box_StrategioCloudSpamSafeMini.jpg\" alt=\"3D_Box_SpamSafe_mini\" width=\"131\" height=\"186\" \/><\/a><a href=\"http:\/\/www.strategio.com.br\/site\/cloud-enterprise-storage\/\"><img loading=\"lazy\" decoding=\"async\" class=\"alignnone wp-image-693 size-full\" src=\"http:\/\/www.strategio.com.br\/site\/wp-content\/uploads\/2013\/09\/Software_3D_Box_StrategioCloudStorageMini.jpg\" alt=\"3D_Box_Storage_mini\" width=\"134\" height=\"184\" \/><\/a><a href=\"http:\/\/www.strategio.com.br\/site\/cloud-enterprise-backup\/\"><img loading=\"lazy\" decoding=\"async\" class=\"alignnone wp-image-736 size-full\" src=\"http:\/\/www.strategio.com.br\/site\/wp-content\/uploads\/2016\/06\/Software_3D_Box_StrategioCloudBackupMini.jpg\" alt=\"Software_3D_Box_StrategioCloudBackupMini\" width=\"134\" height=\"183\" \/><\/a><\/p>\n<p><!--more--><\/p>\n<h1>\u00c1reas de atua\u00e7\u00e3o em Cloud Computing<\/h1>\n<h2>Com a grande evolu\u00e7\u00e3o das solu\u00e7\u00f5es para Cloud a Strategio aproveitou seu conhecimento em infraestrutura de servidores e servi\u00e7os de rede, e se especializou nos novos paradigmas de computa\u00e7\u00e3o nas nuvens (Cloud Computing). Com conhecimento, ferramentas e produtos para atender as necessidades das empresas e clientes mais exigentes com qualidade e confian\u00e7a. Entre em <a href=\"http:\/\/www.strategio.com.br\/site\/contato\/\" target=\"_blank\">contato<\/a> e solicite uma visita de um consultor de neg\u00f3cios e solu\u00e7\u00f5es Strategio, ou <a href=\"http:\/\/www.strategio.com.br\/site\/cloud-computing-servicos-e-solucoes\/\" target=\"_blank\">clique<\/a> na imagem para saber mais.<\/h2>\n<p>&nbsp;<\/p>\n<p><a href=\"http:\/\/www.strategio.com.br\/site\/cloud-computing-servicos-e-solucoes\/\" rel=\"attachment wp-att-646\"><img loading=\"lazy\" decoding=\"async\" class=\"size-full wp-image-646 aligncenter\" src=\"http:\/\/www.strategio.com.br\/site\/wp-content\/uploads\/2013\/09\/CloudComputingSolutions4.png\" alt=\"CloudComputingSolutions4\" width=\"319\" height=\"255\" srcset=\"http:\/\/www.strategio.com.br\/site\/wp-content\/uploads\/2013\/09\/CloudComputingSolutions4.png 319w, http:\/\/www.strategio.com.br\/site\/wp-content\/uploads\/2013\/09\/CloudComputingSolutions4-300x240.png 300w\" sizes=\"(max-width: 319px) 100vw, 319px\" \/><\/a><\/p>\n<p>[animated_item]<\/p>\n<p>&nbsp;<\/p>\n","protected":false},"excerpt":{"rendered":"<p>N\u00f3s gostamos de desafios. Cada ambiente \u00e9 uma nova perspectiva, e contando com consultores certificados e de alta experi\u00eancia que entregamos o melhor custo\/benef\u00edcio em solu\u00e7\u00f5es para diferentes tipos de [&hellip;]<\/p>\n","protected":false},"author":1,"featured_media":0,"parent":0,"menu_order":3,"comment_status":"open","ping_status":"closed","template":"","meta":{"footnotes":""},"_links":{"self":[{"href":"http:\/\/www.strategio.com.br\/site\/wp-json\/wp\/v2\/pages\/340"}],"collection":[{"href":"http:\/\/www.strategio.com.br\/site\/wp-json\/wp\/v2\/pages"}],"about":[{"href":"http:\/\/www.strategio.com.br\/site\/wp-json\/wp\/v2\/types\/page"}],"author":[{"embeddable":true,"href":"http:\/\/www.strategio.com.br\/site\/wp-json\/wp\/v2\/users\/1"}],"replies":[{"embeddable":true,"href":"http:\/\/www.strategio.com.br\/site\/wp-json\/wp\/v2\/comments?post=340"}],"version-history":[{"count":20,"href":"http:\/\/www.strategio.com.br\/site\/wp-json\/wp\/v2\/pages\/340\/revisions"}],"predecessor-version":[{"id":739,"href":"http:\/\/www.strategio.com.br\/site\/wp-json\/wp\/v2\/pages\/340\/revisions\/739"}],"wp:attachment":[{"href":"http:\/\/www.strategio.com.br\/site\/wp-json\/wp\/v2\/media?parent=340"}],"curies":[{"name":"wp","href":"https:\/\/api.w.org\/{rel}","templated":true}]}}